{"id":9656,"date":"2018-04-25T07:13:29","date_gmt":"2018-04-25T05:13:29","guid":{"rendered":"https:\/\/internationale-ballettschule.de\/?page_id=9656"},"modified":"2025-01-07T14:03:04","modified_gmt":"2025-01-07T12:03:04","slug":"about-us","status":"publish","type":"page","link":"https:\/\/internationale-ballettschule.de\/en\/about-us\/","title":{"rendered":"About us"},"content":{"rendered":"<div class=\"wpb-content-wrapper\"><p>[vc_row][vc_column css=&#8221;.vc_custom_1546509144477{margin-bottom: -139px !important;}&#8221;]<div class=\"mkdf-elements-holder   mkdf-one-column  mkdf-responsive-mode-768 \" ><div class=\"mkdf-eh-item     \"  data-item-class=\"mkdf-eh-custom-6248\" data-1024-1366=\"0 0 25px 0\" data-680=\"0 0 80px 0\">\n\t<div class=\"mkdf-eh-item-inner\">\n\t\t<div class=\"mkdf-eh-item-content mkdf-eh-custom-6248\" >\n\t\t\t\n\t\t\t<!-- START About us REVOLUTION SLIDER 6.5.8 --><p class=\"rs-p-wp-fix\"><\/p>\n\t\t\t<rs-module-wrap id=\"rev_slider_6_1_wrapper\" data-source=\"gallery\" style=\"visibility:hidden;background:transparent;padding:0;\">\n\t\t\t\t<rs-module id=\"rev_slider_6_1\" style=\"\" data-version=\"6.5.8\">\n\t\t\t\t\t<rs-slides>\n\t\t\t\t\t\t<rs-slide style=\"position: absolute;\" data-key=\"rs-14\" data-title=\"Slide\" data-in=\"o:0;\" data-out=\"a:false;\">\n\t\t\t\t\t\t\t<img data-recalc-dims=\"1\" decoding=\"async\" src=\"https:\/\/i0.wp.com\/internationale-ballettschule.de\/wp-content\/plugins\/revslider\/public\/assets\/assets\/dummy.png?w=1100\" alt=\"Slide\" title=\"About us\" class=\"rev-slidebg tp-rs-img rs-lazyload\" data-lazyload=\"\/\/internationale-ballettschule.de\/wp-content\/plugins\/revslider\/public\/assets\/assets\/transparent.png\" data-bg=\"c:#ffffff;\" data-no-retina>\n<!--\n\t\t\t\t\t\t\t--><rs-layer\n\t\t\t\t\t\t\t\tid=\"slider-6-slide-14-layer-1\" \n\t\t\t\t\t\t\t\tdata-type=\"image\"\n\t\t\t\t\t\t\t\tdata-xy=\"x:l,l,c,c;y:m;\"\n\t\t\t\t\t\t\t\tdata-text=\"l:22;a:inherit;\"\n\t\t\t\t\t\t\t\tdata-dim=\"w:1920px,1500px,1800px,1800px;h:1100px,859,1031,1031;\"\n\t\t\t\t\t\t\t\tdata-basealign=\"slide\"\n\t\t\t\t\t\t\t\tdata-rsp_o=\"off\"\n\t\t\t\t\t\t\t\tdata-rsp_bd=\"off\"\n\t\t\t\t\t\t\t\tdata-frame_0=\"x:-50px;\"\n\t\t\t\t\t\t\t\tdata-frame_1=\"st:620;sp:1000;sR:620;\"\n\t\t\t\t\t\t\t\tdata-frame_999=\"o:0;st:w;sR:7380;\"\n\t\t\t\t\t\t\t\tstyle=\"z-index:5;\"\n\t\t\t\t\t\t\t><img data-recalc-dims=\"1\" decoding=\"async\" src=\"https:\/\/i0.wp.com\/internationale-ballettschule.de\/wp-content\/plugins\/revslider\/public\/assets\/assets\/dummy.png?w=1100\" class=\"tp-rs-img rs-lazyload\" data-lazyload=\"\/\/arabesque.mikado-themes.com\/wp-content\/uploads\/2018\/05\/about-slider-img1.jpg\" data-no-retina> \n\t\t\t\t\t\t\t<\/rs-layer><!--\n\n\t\t\t\t\t\t\t--><rs-layer\n\t\t\t\t\t\t\t\tid=\"slider-6-slide-14-layer-2\" \n\t\t\t\t\t\t\t\tdata-type=\"text\"\n\t\t\t\t\t\t\t\tdata-color=\"#000000\"\n\t\t\t\t\t\t\t\tdata-xy=\"x:r,r,c,c;xo:-15px,150px,0,0;y:m;yo:-150px,-156px,-148px,-76px;\"\n\t\t\t\t\t\t\t\tdata-text=\"w:normal;l:290,290,290,160;a:center;\"\n\t\t\t\t\t\t\t\tdata-dim=\"w:520px,520px,520px,300px;\"\n\t\t\t\t\t\t\t\tdata-rsp_o=\"off\"\n\t\t\t\t\t\t\t\tdata-rsp_bd=\"off\"\n\t\t\t\t\t\t\t\tdata-frame_0=\"y:50px;\"\n\t\t\t\t\t\t\t\tdata-frame_1=\"st:120;sp:800;sR:120;\"\n\t\t\t\t\t\t\t\tdata-frame_999=\"o:0;st:w;sR:8080;\"\n\t\t\t\t\t\t\t\tstyle=\"z-index:6;font-family:'Open Sans';\"\n\t\t\t\t\t\t\t><div class=\"mkdf-section-title-holder   mkdf-st-reverse-order\" style=\"text-align: center\">\n\t<div class=\"mkdf-st-inner\">\n                                                <h2 class=\"mkdf-st-title\" >\n                Das Ballett ist mein Traum                <\/h2>\n                    \t<\/div>\n<\/div> \n\t\t\t\t\t\t\t<\/rs-layer><!--\n\n\t\t\t\t\t\t\t--><rs-layer\n\t\t\t\t\t\t\t\tid=\"slider-6-slide-14-layer-4\" \n\t\t\t\t\t\t\t\tdata-type=\"text\"\n\t\t\t\t\t\t\t\tdata-color=\"#6c6c6c\"\n\t\t\t\t\t\t\t\tdata-xy=\"x:r,r,c,c;xo:-120px,30px,0,662px;y:m;yo:17px,27px,27px,3px;\"\n\t\t\t\t\t\t\t\tdata-text=\"w:normal;s:15;l:24;a:center;\"\n\t\t\t\t\t\t\t\tdata-dim=\"w:720px,720px,720px,300px;\"\n\t\t\t\t\t\t\t\tdata-vbility=\"t,t,t,f\"\n\t\t\t\t\t\t\t\tdata-rsp_o=\"off\"\n\t\t\t\t\t\t\t\tdata-rsp_bd=\"off\"\n\t\t\t\t\t\t\t\tdata-frame_0=\"y:50px;\"\n\t\t\t\t\t\t\t\tdata-frame_1=\"st:240;sp:800;sR:240;\"\n\t\t\t\t\t\t\t\tdata-frame_999=\"o:0;st:w;sR:7960;\"\n\t\t\t\t\t\t\t\tstyle=\"z-index:8;font-family:'Montserrat';\"\n\t\t\t\t\t\t\t>Die Internationale Ballettschule wurde 2023 in M\u00fcnchen gegr\u00fcndet. Wir bieten systematische kulturelle Bildung f\u00fcr Kinder sowie spannende und n\u00fctzliche Kurse f\u00fcr Erwachsene. Unsere erfahrenen und professionellen Lehrer f\u00fchren Sie zur Verwirklichung von Erfolgen im Bereich der kulturellen und k\u00f6rperlichen Entwicklung. \n\t\t\t\t\t\t\t<\/rs-layer><!--\n\n\t\t\t\t\t\t\t--><rs-layer\n\t\t\t\t\t\t\t\tid=\"slider-6-slide-14-layer-8\" \n\t\t\t\t\t\t\t\tclass=\"tp-shape tp-shapewrapper\"\n\t\t\t\t\t\t\t\tdata-type=\"shape\"\n\t\t\t\t\t\t\t\tdata-xy=\"x:c,r,c,c;xo:389px,338px,0,0;y:m;yo:-63px,-53px,-53px,27px;\"\n\t\t\t\t\t\t\t\tdata-text=\"w:normal;a:inherit;\"\n\t\t\t\t\t\t\t\tdata-dim=\"w:140px;h:1px;\"\n\t\t\t\t\t\t\t\tdata-rsp_o=\"off\"\n\t\t\t\t\t\t\t\tdata-rsp_bd=\"off\"\n\t\t\t\t\t\t\t\tdata-frame_0=\"y:50px;\"\n\t\t\t\t\t\t\t\tdata-frame_1=\"st:220;sp:800;sR:220;\"\n\t\t\t\t\t\t\t\tdata-frame_999=\"o:0;st:w;sR:7980;\"\n\t\t\t\t\t\t\t\tstyle=\"z-index:7;background-color:#000000;\"\n\t\t\t\t\t\t\t> \n\t\t\t\t\t\t\t<\/rs-layer><!--\n-->\t\t\t\t\t\t<\/rs-slide>\n\t\t\t\t\t<\/rs-slides>\n\t\t\t\t<\/rs-module>\n\t\t\t\t<script type=\"text\/javascript\">\n\t\t\t\t\tsetREVStartSize({c: 'rev_slider_6_1',rl:[1240,1024,778,480],el:[800,450,800,500],gw:[1300,1350,700,300],gh:[800,450,800,500],type:'hero',justify:'',layout:'fullscreen',offsetContainer:'',offset:'',mh:\"0\"});if (window.RS_MODULES!==undefined && window.RS_MODULES.modules!==undefined && window.RS_MODULES.modules[\"revslider61\"]!==undefined) {window.RS_MODULES.modules[\"revslider61\"].once = false;window.revapi6 = undefined;if (window.RS_MODULES.checkMinimal!==undefined) window.RS_MODULES.checkMinimal()}\n\t\t\t\t<\/script>\n\t\t\t<\/rs-module-wrap>\n\t\t\t<!-- END REVOLUTION SLIDER -->\n\t\t<\/div>\n\t<\/div>\n<\/div><\/div>[\/vc_column][\/vc_row][vc_row row_content_width=&#8221;grid&#8221;][vc_column offset=&#8221;vc_col-lg-4&#8243;]<div class=\"mkdf-banner-holder  mkdf-visible-on-default mkdf-banner-hover-moving-image mkdf-banner-info-default\">\n    <div class=\"mkdf-banner-image\">\n                <div class=\"mkdf-moving-image-holder\"><div class=\"mkdf-moving-image\">\n                    <img loading=\"lazy\" decoding=\"async\" width=\"2560\" height=\"2560\" src=\"https:\/\/i0.wp.com\/internationale-ballettschule.de\/wp-content\/uploads\/2024\/02\/IMG_4168-scaled.jpeg?fit=2560%2C2560&amp;ssl=1\" class=\"attachment-full size-full\" alt=\"\" srcset=\"https:\/\/i0.wp.com\/internationale-ballettschule.de\/wp-content\/uploads\/2024\/02\/IMG_4168-scaled.jpeg?w=2560&amp;ssl=1 2560w, https:\/\/i0.wp.com\/internationale-ballettschule.de\/wp-content\/uploads\/2024\/02\/IMG_4168-scaled.jpeg?resize=300%2C300&amp;ssl=1 300w, https:\/\/i0.wp.com\/internationale-ballettschule.de\/wp-content\/uploads\/2024\/02\/IMG_4168-scaled.jpeg?resize=1024%2C1024&amp;ssl=1 1024w, https:\/\/i0.wp.com\/internationale-ballettschule.de\/wp-content\/uploads\/2024\/02\/IMG_4168-scaled.jpeg?resize=150%2C150&amp;ssl=1 150w, https:\/\/i0.wp.com\/internationale-ballettschule.de\/wp-content\/uploads\/2024\/02\/IMG_4168-scaled.jpeg?resize=768%2C768&amp;ssl=1 768w, https:\/\/i0.wp.com\/internationale-ballettschule.de\/wp-content\/uploads\/2024\/02\/IMG_4168-scaled.jpeg?resize=1536%2C1536&amp;ssl=1 1536w, https:\/\/i0.wp.com\/internationale-ballettschule.de\/wp-content\/uploads\/2024\/02\/IMG_4168-scaled.jpeg?resize=550%2C550&amp;ssl=1 550w, https:\/\/i0.wp.com\/internationale-ballettschule.de\/wp-content\/uploads\/2024\/02\/IMG_4168-scaled.jpeg?resize=1100%2C1100&amp;ssl=1 1100w, https:\/\/i0.wp.com\/internationale-ballettschule.de\/wp-content\/uploads\/2024\/02\/IMG_4168-scaled.jpeg?w=2200&amp;ssl=1 2200w\" sizes=\"auto, (max-width: 1100px) 100vw, 1100px\" \/>                <\/div><\/div>\n            <\/div>\n    <div class=\"mkdf-banner-text-holder\" >\n\t    <div class=\"mkdf-banner-text-outer\">\n\t\t    <div class=\"mkdf-banner-text-inner\">\n\t\t                                            <p class=\"mkdf-banner-subtitle\" >\n                    Systematic cultural education for children                    <\/p>\n                \t\t\t\t\t\t\t<\/div>\n\t\t<\/div>\n\t<\/div>\n\t        <a itemprop=\"url\" class=\"mkdf-banner-link\" href=\"https:\/\/internationale-ballettschule.de\/en\/systematik-education-for-children\/\" target=\"_self\"><\/a>\n    <\/div>[vc_empty_space height=&#8221;50px&#8221;][\/vc_column][vc_column offset=&#8221;vc_col-lg-4&#8243;]<div class=\"mkdf-banner-holder  mkdf-visible-on-default mkdf-banner-hover-moving-image mkdf-banner-info-default\">\n    <div class=\"mkdf-banner-image\">\n                <div class=\"mkdf-moving-image-holder\"><div class=\"mkdf-moving-image\">\n                    <img loading=\"lazy\" decoding=\"async\" width=\"2560\" height=\"2560\" src=\"https:\/\/i0.wp.com\/internationale-ballettschule.de\/wp-content\/uploads\/2024\/02\/IMG_4937-1-scaled.jpeg?fit=2560%2C2560&amp;ssl=1\" class=\"attachment-full size-full\" alt=\"\" srcset=\"https:\/\/i0.wp.com\/internationale-ballettschule.de\/wp-content\/uploads\/2024\/02\/IMG_4937-1-scaled.jpeg?w=2560&amp;ssl=1 2560w, https:\/\/i0.wp.com\/internationale-ballettschule.de\/wp-content\/uploads\/2024\/02\/IMG_4937-1-scaled.jpeg?resize=300%2C300&amp;ssl=1 300w, https:\/\/i0.wp.com\/internationale-ballettschule.de\/wp-content\/uploads\/2024\/02\/IMG_4937-1-scaled.jpeg?resize=1024%2C1024&amp;ssl=1 1024w, https:\/\/i0.wp.com\/internationale-ballettschule.de\/wp-content\/uploads\/2024\/02\/IMG_4937-1-scaled.jpeg?resize=150%2C150&amp;ssl=1 150w, https:\/\/i0.wp.com\/internationale-ballettschule.de\/wp-content\/uploads\/2024\/02\/IMG_4937-1-scaled.jpeg?resize=768%2C768&amp;ssl=1 768w, https:\/\/i0.wp.com\/internationale-ballettschule.de\/wp-content\/uploads\/2024\/02\/IMG_4937-1-scaled.jpeg?resize=1536%2C1536&amp;ssl=1 1536w, https:\/\/i0.wp.com\/internationale-ballettschule.de\/wp-content\/uploads\/2024\/02\/IMG_4937-1-scaled.jpeg?resize=550%2C550&amp;ssl=1 550w, https:\/\/i0.wp.com\/internationale-ballettschule.de\/wp-content\/uploads\/2024\/02\/IMG_4937-1-scaled.jpeg?resize=1100%2C1100&amp;ssl=1 1100w, https:\/\/i0.wp.com\/internationale-ballettschule.de\/wp-content\/uploads\/2024\/02\/IMG_4937-1-scaled.jpeg?w=2200&amp;ssl=1 2200w\" sizes=\"auto, (max-width: 1100px) 100vw, 1100px\" \/>                <\/div><\/div>\n            <\/div>\n    <div class=\"mkdf-banner-text-holder\" >\n\t    <div class=\"mkdf-banner-text-outer\">\n\t\t    <div class=\"mkdf-banner-text-inner\">\n\t\t                                            <p class=\"mkdf-banner-subtitle\" >\n                    COURSES FOR ADULTS                    <\/p>\n                \t\t\t\t\t\t\t<\/div>\n\t\t<\/div>\n\t<\/div>\n\t        <a itemprop=\"url\" class=\"mkdf-banner-link\" href=\"https:\/\/internationale-ballettschule.de\/en\/kurse-fur-erwachsene\/\" target=\"_self\"><\/a>\n    <\/div>[vc_empty_space height=&#8221;50px&#8221;][\/vc_column][vc_column offset=&#8221;vc_col-lg-4&#8243;]<div class=\"mkdf-banner-holder  mkdf-visible-on-default mkdf-banner-hover-moving-image mkdf-banner-info-default\">\n    <div class=\"mkdf-banner-image\">\n                <div class=\"mkdf-moving-image-holder\"><div class=\"mkdf-moving-image\">\n                    <img loading=\"lazy\" decoding=\"async\" width=\"2268\" height=\"2268\" src=\"https:\/\/i0.wp.com\/internationale-ballettschule.de\/wp-content\/uploads\/2024\/02\/IMG_1692.jpeg?fit=2268%2C2268&amp;ssl=1\" class=\"attachment-full size-full\" alt=\"\" srcset=\"https:\/\/i0.wp.com\/internationale-ballettschule.de\/wp-content\/uploads\/2024\/02\/IMG_1692.jpeg?w=2268&amp;ssl=1 2268w, https:\/\/i0.wp.com\/internationale-ballettschule.de\/wp-content\/uploads\/2024\/02\/IMG_1692.jpeg?resize=300%2C300&amp;ssl=1 300w, https:\/\/i0.wp.com\/internationale-ballettschule.de\/wp-content\/uploads\/2024\/02\/IMG_1692.jpeg?resize=1024%2C1024&amp;ssl=1 1024w, https:\/\/i0.wp.com\/internationale-ballettschule.de\/wp-content\/uploads\/2024\/02\/IMG_1692.jpeg?resize=150%2C150&amp;ssl=1 150w, https:\/\/i0.wp.com\/internationale-ballettschule.de\/wp-content\/uploads\/2024\/02\/IMG_1692.jpeg?resize=768%2C768&amp;ssl=1 768w, https:\/\/i0.wp.com\/internationale-ballettschule.de\/wp-content\/uploads\/2024\/02\/IMG_1692.jpeg?resize=1536%2C1536&amp;ssl=1 1536w, https:\/\/i0.wp.com\/internationale-ballettschule.de\/wp-content\/uploads\/2024\/02\/IMG_1692.jpeg?resize=550%2C550&amp;ssl=1 550w, https:\/\/i0.wp.com\/internationale-ballettschule.de\/wp-content\/uploads\/2024\/02\/IMG_1692.jpeg?resize=1100%2C1100&amp;ssl=1 1100w, https:\/\/i0.wp.com\/internationale-ballettschule.de\/wp-content\/uploads\/2024\/02\/IMG_1692.jpeg?w=2200&amp;ssl=1 2200w\" sizes=\"auto, (max-width: 1100px) 100vw, 1100px\" \/>                <\/div><\/div>\n            <\/div>\n    <div class=\"mkdf-banner-text-holder\" >\n\t    <div class=\"mkdf-banner-text-outer\">\n\t\t    <div class=\"mkdf-banner-text-inner\">\n\t\t                                            <p class=\"mkdf-banner-subtitle\" >\n                    COURSES FOR SENIORS                    <\/p>\n                \t\t\t\t\t\t\t<\/div>\n\t\t<\/div>\n\t<\/div>\n\t        <a itemprop=\"url\" class=\"mkdf-banner-link\" href=\"https:\/\/internationale-ballettschule.de\/en\/courses-for-seniors\/\" target=\"_self\"><\/a>\n    <\/div>[vc_empty_space height=&#8221;50px&#8221;][\/vc_column][\/vc_row][vc_row row_content_width=&#8221;grid&#8221; css=&#8221;.vc_custom_1682863848839{margin-top: -50px !important;padding-top: 121px !important;padding-bottom: 121px !important;}&#8221;][vc_column offset=&#8221;vc_col-lg-12 vc_col-md-12&#8243;]<div class=\"mkdf-separator-holder clearfix  mkdf-separator-center  mkdf-separator-animation-yes\" style=\"margin-top: 30px;margin-bottom: 60px\">\n\t    <div data-width=\"140px\" class=\"mkdf-separator\" style=\"border-color: #000000;width: 140px;border-bottom-width: 1px\"><\/div>\n\t<\/div>\n[vc_column_text css=&#8221;&#8221;]We offer children classes in ballet gymnastics and the basics of classical dance with a professional approach, paying special attention to a balanced load on the body and joints, as the health of children is our top priority.<\/p>\n<p>Our professional program is aimed at awakening children&#8217;s interest in classical art. We believe that cultural education for children should be systematic and broad. With this approach, children develop physically harmoniously, developing flexibility, dance skills, and grace, as well as culturally, getting acquainted with the works of classical composers in a playful way, studying the history of ballet, and developing their vocal abilities.<\/p>\n<p>Based on the above, we offer the following disciplines for study in our systematic course: the basics of ballet for the youngest, classical dance, ballet-gymnastic exercises for stretching, music, and singing.<\/p>\n<p>During the classes, we devote more time to choreographic practice. We organize cultural events and performances where students of our school represent themselves on stage, learn to organize themselves correctly in responsible moments, cope with their excitement, and simply enjoy dancing and singing on stage.\u00a0The children&#8217;s courses take place in 50-minute units.<\/p>\n<p>Thanks to our methodology, we will try to awaken and develop the child&#8217;s interest in high art. During the classes in our school, you and your children will have a developing, exciting, and unforgettable experience.<\/p>\n<p>We offer engaging courses for teenagers, adults, and seniors aimed at strengthening health, flexibility, and grace. Our professional team will teach you how to properly distribute your body weight and take care of the health of your back and joints. We pay personal attention to each of our students because your health is our priority.<\/p>\n<p>In addition, we look forward to welcoming you to our exciting courses in various dance directions for teenagers, adults, and seniors, where you can communicate and have a wonderful time at an exciting ballet lesson, historical ballroom dance with a professional teacher, or salsa course, which we hold in the form of a dance party. After all, as you know, dancing contributes to a long and healthy life.[\/vc_column_text]<div class=\"mkdf-separator-holder clearfix  mkdf-separator-center  mkdf-separator-animation-yes\" style=\"margin-top: 30px;margin-bottom: 60px\">\n\t    <div data-width=\"140px\" class=\"mkdf-separator\" style=\"border-color: #000000;width: 140px;border-bottom-width: 1px\"><\/div>\n\t<\/div>\n[\/vc_column][\/vc_row]<\/p>\n<\/div>","protected":false},"excerpt":{"rendered":"<p>[vc_row][vc_column css=&#8221;.vc_custom_1546509144477{margin-bottom: -139px !important;}&#8221;][\/vc_column][\/vc_row][vc_row row_content_width=&#8221;grid&#8221;][vc_column offset=&#8221;vc_col-lg-4&#8243;][vc_empty_space height=&#8221;50px&#8221;][\/vc_column][vc_column offset=&#8221;vc_col-lg-4&#8243;][vc_empty_space height=&#8221;50px&#8221;][\/vc_column][vc_column offset=&#8221;vc_col-lg-4&#8243;][vc_empty_space height=&#8221;50px&#8221;][\/vc_column][\/vc_row][vc_row row_content_width=&#8221;grid&#8221; css=&#8221;.vc_custom_1682863848839{margin-top: -50px !important;padding-top: 121px !important;padding-bottom: 121px !important;}&#8221;][vc_column offset=&#8221;vc_col-lg-12 vc_col-md-12&#8243;][vc_column_text css=&#8221;&#8221;]We offer children classes in ballet gymnastics and the basics of classical dance with a professional approach, paying special [&hellip;]<\/p>\n","protected":false},"author":1,"featured_media":0,"parent":0,"menu_order":0,"comment_status":"closed","ping_status":"closed","template":"full-width.php","meta":{"footnotes":""},"class_list":["post-9656","page","type-page","status-publish","hentry"],"_links":{"self":[{"href":"https:\/\/internationale-ballettschule.de\/en\/wp-json\/wp\/v2\/pages\/9656","targetHints":{"allow":["GET"]}}],"collection":[{"href":"https:\/\/internationale-ballettschule.de\/en\/wp-json\/wp\/v2\/pages"}],"about":[{"href":"https:\/\/internationale-ballettschule.de\/en\/wp-json\/wp\/v2\/types\/page"}],"author":[{"embeddable":true,"href":"https:\/\/internationale-ballettschule.de\/en\/wp-json\/wp\/v2\/users\/1"}],"replies":[{"embeddable":true,"href":"https:\/\/internationale-ballettschule.de\/en\/wp-json\/wp\/v2\/comments?post=9656"}],"version-history":[{"count":5,"href":"https:\/\/internationale-ballettschule.de\/en\/wp-json\/wp\/v2\/pages\/9656\/revisions"}],"predecessor-version":[{"id":11351,"href":"https:\/\/internationale-ballettschule.de\/en\/wp-json\/wp\/v2\/pages\/9656\/revisions\/11351"}],"wp:attachment":[{"href":"https:\/\/internationale-ballettschule.de\/en\/wp-json\/wp\/v2\/media?parent=9656"}],"curies":[{"name":"wp","href":"https:\/\/api.w.org\/{rel}","templated":true}]}}