{"id":9683,"date":"2023-05-16T20:19:45","date_gmt":"2023-05-16T18:19:45","guid":{"rendered":"https:\/\/internationale-ballettschule.de\/datenschutzerklarung\/"},"modified":"2024-09-15T16:07:04","modified_gmt":"2024-09-15T14:07:04","slug":"datenschutzerklarung","status":"publish","type":"page","link":"https:\/\/internationale-ballettschule.de\/en\/datenschutzerklarung\/","title":{"rendered":"Datenschutzerkl\u00e4rung"},"content":{"rendered":"<p>Datenschutzerkl\u00e4rung<\/p>\n<p>**1. Einleitung**<\/p>\n<p>Wir freuen uns \u00fcber Ihr Interesse an unserem Unternehmen. Der Schutz Ihrer pers\u00f6nlichen Daten ist uns ein wichtiges Anliegen. In dieser Datenschutzerkl\u00e4rung informieren wir Sie dar\u00fcber, wie wir Ihre personenbezogenen Daten im Rahmen unserer Dienstleistungen verarbeiten.<\/p>\n<p>**2. Verantwortlicher**<\/p>\n<p>Verantwortlicher f\u00fcr die Datenverarbeitung ist:<br \/>\nInternationale Ballettschule Alte Heide<br \/>\nUngererstra\u00dfe 175, 80805 M\u00fcnchen<br \/>\n016091462952<br \/>\n<a href=\"mailto:info@internationale-ballettschule.de\" target=\"_blank\" rel=\"noopener\">info@internationale-<wbr \/>ballettschule.de<\/a><\/p>\n<p>**3. Erhebung und Verarbeitung personenbezogener Daten**<\/p>\n<p>Wir erheben und verarbeiten personenbezogene Daten, wenn Sie unsere Webseite besuchen, Kontakt mit uns aufnehmen oder unsere Dienstleistungen in Anspruch nehmen. Zu den personenbezogenen Daten geh\u00f6ren insbesondere:<br \/>\n&#8211; Name<br \/>\n&#8211; Adresse<br \/>\n&#8211; E-Mail-Adresse<br \/>\n&#8211; Telefonnummer<br \/>\n&#8211; Nutzungsdaten (z. B. IP-Adresse, Datum und Uhrzeit des Zugriffs)<\/p>\n<p>**4. Zweck der Datenverarbeitung**<\/p>\n<p>Wir verarbeiten Ihre personenbezogenen Daten zu folgenden Zwecken:<br \/>\n&#8211; zur Bereitstellung unserer Angebote und Dienstleistungen<br \/>\n&#8211; zur Kommunikation mit Ihnen<br \/>\n&#8211; zur Erf\u00fcllung gesetzlicher Verpflichtungen<br \/>\n&#8211; zur Analyse und Verbesserung unserer Dienstleistungen<\/p>\n<p>**5. Rechtsgrundlage der Verarbeitung**<\/p>\n<p>Die Verarbeitung Ihrer Daten erfolgt auf Basis der folgenden Rechtsgrundlagen:<br \/>\n&#8211; Einwilligung (Art. 6 Abs. 1 lit. a DSGVO)<br \/>\n&#8211; Erf\u00fcllung eines Vertrags (Art. 6 Abs. 1 lit. b DSGVO)<br \/>\n&#8211; Erf\u00fcllung einer rechtlichen Verpflichtung (Art. 6 Abs. 1 lit. c DSGVO)<br \/>\n&#8211; Wahrnehmung berechtigter Interessen (Art. 6 Abs. 1 lit. f DSGVO)<\/p>\n<p>**6. Weitergabe von Daten**<\/p>\n<p>Eine Weitergabe Ihrer personenbezogenen Daten an Dritte erfolgt nur, wenn dies zur Erf\u00fcllung unserer vertraglichen Pflichten erforderlich ist oder Sie zuvor eingewilligt haben.<\/p>\n<p>**7. Ihre Rechte**<\/p>\n<p>Sie haben das Recht, Auskunft \u00fcber die von uns verarbeiteten personenbezogenen Daten zu verlangen. Dar\u00fcber hinaus haben Sie das Recht auf Berichtigung, L\u00f6schung oder Einschr\u00e4nkung der Verarbeitung sowie das Recht auf Daten\u00fcbertragbarkeit. Sie k\u00f6nnen Ihre Einwilligung jederzeit widerrufen.<\/p>\n<p>**8. Kontakt**<\/p>\n<p>Wenn Sie Fragen zu dieser Datenschutzerkl\u00e4rung oder zur Verarbeitung Ihrer personenbezogenen Daten haben, wenden Sie sich bitte an uns:<\/p>\n<p>Verantwortlicher f\u00fcr die Datenverarbeitung ist:<br \/>\nInternationale Ballettschule Alte Heide<br \/>\nUngererstra\u00dfe 175, 80805 M\u00fcnchen<br \/>\n016091462952<br \/>\n<a href=\"mailto:info@internationale-ballettschule.de\" target=\"_blank\" rel=\"noopener\">info@internationale-<wbr \/>ballettschule.de<\/a><\/p>\n<p>**9. \u00c4nderungen dieser Datenschutzerkl\u00e4rung**<\/p>\n<p>Wir behalten uns das Recht vor, diese Datenschutzerkl\u00e4rung jederzeit zu \u00e4ndern. Die aktuelle Version wird auf unserer Webseite ver\u00f6ffentlicht.<\/p>\n<p>Stand: 15.10.2024<\/p>\n<p>Ich habe die Datenschutzerkl\u00e4rung zur Kenntnis genommen und erkl\u00e4re mich mit dieser einverstanden.<\/p>\n","protected":false},"excerpt":{"rendered":"<p>Datenschutzerkl\u00e4rung **1. Einleitung** Wir freuen uns \u00fcber Ihr Interesse an unserem Unternehmen. Der Schutz Ihrer pers\u00f6nlichen Daten ist uns ein wichtiges Anliegen. In dieser Datenschutzerkl\u00e4rung informieren wir Sie dar\u00fcber, wie wir Ihre personenbezogenen Daten im Rahmen unserer Dienstleistungen verarbeiten. **2. [&hellip;]<\/p>\n","protected":false},"author":1,"featured_media":0,"parent":0,"menu_order":0,"comment_status":"closed","ping_status":"closed","template":"","meta":{"footnotes":""},"class_list":["post-9683","page","type-page","status-publish","hentry"],"_links":{"self":[{"href":"https:\/\/internationale-ballettschule.de\/en\/wp-json\/wp\/v2\/pages\/9683","targetHints":{"allow":["GET"]}}],"collection":[{"href":"https:\/\/internationale-ballettschule.de\/en\/wp-json\/wp\/v2\/pages"}],"about":[{"href":"https:\/\/internationale-ballettschule.de\/en\/wp-json\/wp\/v2\/types\/page"}],"author":[{"embeddable":true,"href":"https:\/\/internationale-ballettschule.de\/en\/wp-json\/wp\/v2\/users\/1"}],"replies":[{"embeddable":true,"href":"https:\/\/internationale-ballettschule.de\/en\/wp-json\/wp\/v2\/comments?post=9683"}],"version-history":[{"count":1,"href":"https:\/\/internationale-ballettschule.de\/en\/wp-json\/wp\/v2\/pages\/9683\/revisions"}],"predecessor-version":[{"id":11010,"href":"https:\/\/internationale-ballettschule.de\/en\/wp-json\/wp\/v2\/pages\/9683\/revisions\/11010"}],"wp:attachment":[{"href":"https:\/\/internationale-ballettschule.de\/en\/wp-json\/wp\/v2\/media?parent=9683"}],"curies":[{"name":"wp","href":"https:\/\/api.w.org\/{rel}","templated":true}]}}